{"id":31,"date":"2015-12-26T11:22:24","date_gmt":"2015-12-26T10:22:24","guid":{"rendered":"http:\/\/www.crazybyte007.be\/?page_id=31"},"modified":"2022-05-26T20:47:17","modified_gmt":"2022-05-26T19:47:17","slug":"crazybyte007","status":"publish","type":"page","link":"https:\/\/www.crazybyte007.be\/?page_id=31","title":{"rendered":"Crazybyte007"},"content":{"rendered":"<p>Un peu de moi: Belge qui a pass\u00e9 toute son enfance en Am\u00e9rique du Sud, je parle espagnol, je vous \u00e9cris en fran\u00e7ais de fa\u00e7on de une catastrophe nucl\u00e9aire, alors je vous demande pardon, je esp\u00e8re que avec le temps je me am\u00e9lior\u00e9 et corriger \u00e9ventuellement toutes les \u00ab\u00a0horreurs\u00a0\u00bb orthographe.<\/p>\n<p>CB7<\/p>\n<p>&nbsp;<\/p>\n<p>&nbsp;<\/p>\n","protected":false},"excerpt":{"rendered":"<p>Un peu de moi: Belge qui a pass\u00e9 toute son enfance en Am\u00e9rique du Sud, je parle espagnol, je vous \u00e9cris en fran\u00e7ais de fa\u00e7on de une catastrophe nucl\u00e9aire, alors je vous demande pardon, je esp\u00e8re que avec le temps je me am\u00e9lior\u00e9 et corriger \u00e9ventuellement toutes les \u00ab\u00a0horreurs\u00a0\u00bb orthographe. CB7 &nbsp; &nbsp;<\/p>\n","protected":false},"author":1,"featured_media":0,"parent":0,"menu_order":0,"comment_status":"closed","ping_status":"closed","template":"","meta":{"footnotes":""},"class_list":["post-31","page","type-page","status-publish","hentry"],"_links":{"self":[{"href":"https:\/\/www.crazybyte007.be\/index.php?rest_route=\/wp\/v2\/pages\/31","targetHints":{"allow":["GET"]}}],"collection":[{"href":"https:\/\/www.crazybyte007.be\/index.php?rest_route=\/wp\/v2\/pages"}],"about":[{"href":"https:\/\/www.crazybyte007.be\/index.php?rest_route=\/wp\/v2\/types\/page"}],"author":[{"embeddable":true,"href":"https:\/\/www.crazybyte007.be\/index.php?rest_route=\/wp\/v2\/users\/1"}],"replies":[{"embeddable":true,"href":"https:\/\/www.crazybyte007.be\/index.php?rest_route=%2Fwp%2Fv2%2Fcomments&post=31"}],"version-history":[{"count":5,"href":"https:\/\/www.crazybyte007.be\/index.php?rest_route=\/wp\/v2\/pages\/31\/revisions"}],"predecessor-version":[{"id":235,"href":"https:\/\/www.crazybyte007.be\/index.php?rest_route=\/wp\/v2\/pages\/31\/revisions\/235"}],"wp:attachment":[{"href":"https:\/\/www.crazybyte007.be\/index.php?rest_route=%2Fwp%2Fv2%2Fmedia&parent=31"}],"curies":[{"name":"wp","href":"https:\/\/api.w.org\/{rel}","templated":true}]}}